{"id":846,"date":"2023-06-27T11:38:38","date_gmt":"2023-06-27T16:38:38","guid":{"rendered":"https:\/\/corporacioncasadeamigosmundial.org\/?page_id=846"},"modified":"2024-06-19T15:58:30","modified_gmt":"2024-06-19T20:58:30","slug":"servicios","status":"publish","type":"page","link":"https:\/\/corporacioncasadeamigosmundial.org\/en\/servicios\/","title":{"rendered":"Services"},"content":{"rendered":"<div data-elementor-type=\"wp-page\" data-elementor-id=\"846\" class=\"elementor elementor-846\" data-elementor-settings=\"{&quot;ha_cmc_init_switcher&quot;:&quot;no&quot;}\" data-elementor-post-type=\"page\">\n\t\t\t\t<div class=\"elementor-element elementor-element-a20f673 e-flex e-con-boxed wpr-particle-no wpr-jarallax-no wpr-parallax-no wpr-sticky-section-no e-con e-parent\" data-id=\"a20f673\" data-element_type=\"container\" data-e-type=\"container\" data-settings=\"{&quot;background_background&quot;:&quot;classic&quot;,&quot;_ha_eqh_enable&quot;:false}\">\n\t\t\t\t\t<div class=\"e-con-inner\">\n\t\t\t\t<div class=\"elementor-element elementor-element-3b9af3f elementor-widget elementor-widget-heading\" data-id=\"3b9af3f\" data-element_type=\"widget\" data-e-type=\"widget\" data-widget_type=\"heading.default\">\n\t\t\t\t<div class=\"elementor-widget-container\">\n\t\t\t\t\t<h1 class=\"elementor-heading-title elementor-size-default\">Get to know a little more about<\/h1>\t\t\t\t<\/div>\n\t\t\t\t<\/div>\n\t\t\t\t<div class=\"elementor-element elementor-element-775d964 elementor-widget elementor-widget-heading\" data-id=\"775d964\" data-element_type=\"widget\" data-e-type=\"widget\" data-widget_type=\"heading.default\">\n\t\t\t\t<div class=\"elementor-widget-container\">\n\t\t\t\t\t<h1 class=\"elementor-heading-title elementor-size-default\">us<\/h1>\t\t\t\t<\/div>\n\t\t\t\t<\/div>\n\t\t\t\t<div class=\"elementor-element elementor-element-52a9e19 elementor-widget elementor-widget-text-editor\" data-id=\"52a9e19\" data-element_type=\"widget\" data-e-type=\"widget\" data-widget_type=\"text-editor.default\">\n\t\t\t\t<div class=\"elementor-widget-container\">\n\t\t\t\t\t\t\t\t\t<p>And what we have for you, for the sake of your well-being<\/p>\t\t\t\t\t\t\t\t<\/div>\n\t\t\t\t<\/div>\n\t\t\t\t\t<\/div>\n\t\t\t\t<\/div>\n\t\t\t\t<section class=\"elementor-section elementor-inner-section elementor-element elementor-element-b162bdc elementor-section-boxed elementor-section-height-default elementor-section-height-default wpr-particle-no wpr-jarallax-no wpr-parallax-no wpr-sticky-section-no elementor-invisible\" data-id=\"b162bdc\" data-element_type=\"section\" data-e-type=\"section\" data-settings=\"{&quot;animation&quot;:&quot;fadeInUp&quot;,&quot;_ha_eqh_enable&quot;:false}\">\n\t\t\t\t\t\t<div class=\"elementor-container elementor-column-gap-no\">\n\t\t\t\t\t<div class=\"elementor-column elementor-col-33 elementor-inner-column elementor-element elementor-element-c3631eb\" data-id=\"c3631eb\" data-element_type=\"column\" data-e-type=\"column\" data-settings=\"{&quot;background_background&quot;:&quot;classic&quot;}\">\n\t\t\t<div class=\"elementor-widget-wrap elementor-element-populated\">\n\t\t\t\t\t\t<div class=\"elementor-element elementor-element-d494874 elementor-widget__width-initial elementor-widget elementor-widget-image\" data-id=\"d494874\" data-element_type=\"widget\" data-e-type=\"widget\" data-widget_type=\"image.default\">\n\t\t\t\t<div class=\"elementor-widget-container\">\n\t\t\t\t\t\t\t\t\t\t\t\t\t\t\t<img fetchpriority=\"high\" decoding=\"async\" width=\"881\" height=\"574\" src=\"https:\/\/corporacioncasadeamigosmundial.org\/wp-content\/uploads\/2023\/05\/danza.jpg\" class=\"attachment-full size-full wp-image-825\" alt=\"\" srcset=\"https:\/\/corporacioncasadeamigosmundial.org\/wp-content\/uploads\/2023\/05\/danza.jpg 881w, https:\/\/corporacioncasadeamigosmundial.org\/wp-content\/uploads\/2023\/05\/danza-300x195.jpg 300w, https:\/\/corporacioncasadeamigosmundial.org\/wp-content\/uploads\/2023\/05\/danza-768x500.jpg 768w\" sizes=\"(max-width: 881px) 100vw, 881px\" \/>\t\t\t\t\t\t\t\t\t\t\t\t\t\t\t<\/div>\n\t\t\t\t<\/div>\n\t\t\t\t<div class=\"elementor-element elementor-element-ea94b1f elementor-widget elementor-widget-heading\" data-id=\"ea94b1f\" data-element_type=\"widget\" data-e-type=\"widget\" data-widget_type=\"heading.default\">\n\t\t\t\t<div class=\"elementor-widget-container\">\n\t\t\t\t\t<h4 class=\"elementor-heading-title elementor-size-default\">House of friends that buy, use, and don't throw away.<\/h4>\t\t\t\t<\/div>\n\t\t\t\t<\/div>\n\t\t\t\t<div class=\"elementor-element elementor-element-2edc622 elementor-widget__width-initial elementor-widget elementor-widget-text-editor\" data-id=\"2edc622\" data-element_type=\"widget\" data-e-type=\"widget\" data-widget_type=\"text-editor.default\">\n\t\t\t\t<div class=\"elementor-widget-container\">\n\t\t\t\t\t\t\t\t\t<p>Engaging individuals and organizations in Circular Economy strategies, where they receive benefits in the form of goods and services that support the improvement of their quality of life, and recognition as Environmentally Socially Responsible Organizations, through the delivery of recyclable materials.<\/p>\t\t\t\t\t\t\t\t<\/div>\n\t\t\t\t<\/div>\n\t\t\t\t\t<\/div>\n\t\t<\/div>\n\t\t\t\t<div class=\"elementor-column elementor-col-33 elementor-inner-column elementor-element elementor-element-8dd518f\" data-id=\"8dd518f\" data-element_type=\"column\" data-e-type=\"column\" data-settings=\"{&quot;background_background&quot;:&quot;classic&quot;}\">\n\t\t\t<div class=\"elementor-widget-wrap elementor-element-populated\">\n\t\t\t\t\t\t<div class=\"elementor-element elementor-element-9de05d2 elementor-widget__width-initial elementor-widget-mobile__width-initial elementor-widget elementor-widget-image\" data-id=\"9de05d2\" data-element_type=\"widget\" data-e-type=\"widget\" data-widget_type=\"image.default\">\n\t\t\t\t<div class=\"elementor-widget-container\">\n\t\t\t\t\t\t\t\t\t\t\t\t\t\t\t<img decoding=\"async\" width=\"881\" height=\"574\" src=\"https:\/\/corporacioncasadeamigosmundial.org\/wp-content\/uploads\/2023\/05\/nuestras-metas.jpg\" class=\"attachment-full size-full wp-image-818\" alt=\"\" srcset=\"https:\/\/corporacioncasadeamigosmundial.org\/wp-content\/uploads\/2023\/05\/nuestras-metas.jpg 881w, https:\/\/corporacioncasadeamigosmundial.org\/wp-content\/uploads\/2023\/05\/nuestras-metas-300x195.jpg 300w, https:\/\/corporacioncasadeamigosmundial.org\/wp-content\/uploads\/2023\/05\/nuestras-metas-768x500.jpg 768w\" sizes=\"(max-width: 881px) 100vw, 881px\" \/>\t\t\t\t\t\t\t\t\t\t\t\t\t\t\t<\/div>\n\t\t\t\t<\/div>\n\t\t\t\t<div class=\"elementor-element elementor-element-e27cd5e elementor-widget__width-initial elementor-widget elementor-widget-heading\" data-id=\"e27cd5e\" data-element_type=\"widget\" data-e-type=\"widget\" data-widget_type=\"heading.default\">\n\t\t\t\t<div class=\"elementor-widget-container\">\n\t\t\t\t\t<h4 class=\"elementor-heading-title elementor-size-default\">House of Friends with Accumulated Youth.<\/h4>\t\t\t\t<\/div>\n\t\t\t\t<\/div>\n\t\t\t\t<div class=\"elementor-element elementor-element-801647f elementor-widget__width-initial elementor-widget elementor-widget-text-editor\" data-id=\"801647f\" data-element_type=\"widget\" data-e-type=\"widget\" data-widget_type=\"text-editor.default\">\n\t\t\t\t<div class=\"elementor-widget-container\">\n\t\t\t\t\t\t\t\t\t<p>Strategy aimed at awakening the creative skills of the elderly, using disruptive methodologies with a high emphasis on playfulness and recreation, introducing the use of ICT, and considering the concepts of Circular Economy, Silver Economy, and Orange Economy.<\/p>\t\t\t\t\t\t\t\t<\/div>\n\t\t\t\t<\/div>\n\t\t\t\t\t<\/div>\n\t\t<\/div>\n\t\t\t\t<div class=\"elementor-column elementor-col-33 elementor-inner-column elementor-element elementor-element-9dd8f01\" data-id=\"9dd8f01\" data-element_type=\"column\" data-e-type=\"column\" data-settings=\"{&quot;background_background&quot;:&quot;classic&quot;}\">\n\t\t\t<div class=\"elementor-widget-wrap elementor-element-populated\">\n\t\t\t\t\t\t<div class=\"elementor-element elementor-element-dfbe3f5 elementor-widget__width-initial elementor-widget-mobile__width-initial elementor-widget elementor-widget-image\" data-id=\"dfbe3f5\" data-element_type=\"widget\" data-e-type=\"widget\" data-widget_type=\"image.default\">\n\t\t\t\t<div class=\"elementor-widget-container\">\n\t\t\t\t\t\t\t\t\t\t\t\t\t\t\t<img decoding=\"async\" src=\"https:\/\/corporacioncasadeamigosmundial.org\/wp-content\/uploads\/elementor\/thumbs\/Objetivo-de-Desarollo-Sostenible-Occion-5-1-qs023dw31bb5rwf32y6qrnra3fnig7em9ge0pki8kk.jpg\" title=\"Objetivo de Desarollo Sostenible &#8211; Occion 5\" alt=\"Objetivo de Desarollo Sostenible - Occion 5\" loading=\"lazy\" \/>\t\t\t\t\t\t\t\t\t\t\t\t\t\t\t<\/div>\n\t\t\t\t<\/div>\n\t\t\t\t<div class=\"elementor-element elementor-element-e7828b4 elementor-widget elementor-widget-heading\" data-id=\"e7828b4\" data-element_type=\"widget\" data-e-type=\"widget\" data-widget_type=\"heading.default\">\n\t\t\t\t<div class=\"elementor-widget-container\">\n\t\t\t\t\t<h4 class=\"elementor-heading-title elementor-size-default\">Asesor\u00edas y Consultor\u00edas<br><\/h4>\t\t\t\t<\/div>\n\t\t\t\t<\/div>\n\t\t\t\t<div class=\"elementor-element elementor-element-272b0c3 elementor-widget elementor-widget-text-editor\" data-id=\"272b0c3\" data-element_type=\"widget\" data-e-type=\"widget\" data-widget_type=\"text-editor.default\">\n\t\t\t\t<div class=\"elementor-widget-container\">\n\t\t\t\t\t\t\t\t\t<p>Participating in calls as consultants in the implementation of National interest policies with an emphasis on public health and other topics.<\/p>\t\t\t\t\t\t\t\t<\/div>\n\t\t\t\t<\/div>\n\t\t\t\t\t<\/div>\n\t\t<\/div>\n\t\t\t\t\t<\/div>\n\t\t<\/section>\n\t\t\t\t<section class=\"elementor-section elementor-inner-section elementor-element elementor-element-a686c14 elementor-section-boxed elementor-section-height-default elementor-section-height-default wpr-particle-no wpr-jarallax-no wpr-parallax-no wpr-sticky-section-no elementor-invisible\" data-id=\"a686c14\" data-element_type=\"section\" data-e-type=\"section\" data-settings=\"{&quot;animation&quot;:&quot;fadeInUp&quot;,&quot;_ha_eqh_enable&quot;:false}\">\n\t\t\t\t\t\t<div class=\"elementor-container elementor-column-gap-no\">\n\t\t\t\t\t<div class=\"elementor-column elementor-col-50 elementor-inner-column elementor-element elementor-element-0244da5\" data-id=\"0244da5\" data-element_type=\"column\" data-e-type=\"column\" data-settings=\"{&quot;background_background&quot;:&quot;classic&quot;}\">\n\t\t\t<div class=\"elementor-widget-wrap elementor-element-populated\">\n\t\t\t\t\t\t<div class=\"elementor-element elementor-element-281b784 elementor-widget__width-initial elementor-widget-mobile__width-initial elementor-widget elementor-widget-image\" data-id=\"281b784\" data-element_type=\"widget\" data-e-type=\"widget\" data-widget_type=\"image.default\">\n\t\t\t\t<div class=\"elementor-widget-container\">\n\t\t\t\t\t\t\t\t\t\t\t\t\t\t\t<img decoding=\"async\" src=\"https:\/\/corporacioncasadeamigosmundial.org\/wp-content\/uploads\/elementor\/thumbs\/Conoce-Nuestras-Metas-qs023dw31bb5rwf32y6qrnra3fnig7em9ge0pki8kk.jpeg\" title=\"Conoce Nuestras Metas\" alt=\"Conoce Nuestras Metas\" loading=\"lazy\" \/>\t\t\t\t\t\t\t\t\t\t\t\t\t\t\t<\/div>\n\t\t\t\t<\/div>\n\t\t\t\t<div class=\"elementor-element elementor-element-20e1f01 elementor-widget elementor-widget-heading\" data-id=\"20e1f01\" data-element_type=\"widget\" data-e-type=\"widget\" data-widget_type=\"heading.default\">\n\t\t\t\t<div class=\"elementor-widget-container\">\n\t\t\t\t\t<h4 class=\"elementor-heading-title elementor-size-default\">Guidance for accessing social protection programs.<\/h4>\t\t\t\t<\/div>\n\t\t\t\t<\/div>\n\t\t\t\t<div class=\"elementor-element elementor-element-4dc0568 elementor-widget elementor-widget-text-editor\" data-id=\"4dc0568\" data-element_type=\"widget\" data-e-type=\"widget\" data-widget_type=\"text-editor.default\">\n\t\t\t\t<div class=\"elementor-widget-container\">\n\t\t\t\t\t\t\t\t\t<p class=\"p1\">Strategy aimed at supporting vulnerable populations of all age groups to access social protection programs offered by the institution and the Corporation, including migrants, returnees, and the host population. Support group.<\/p>\t\t\t\t\t\t\t\t<\/div>\n\t\t\t\t<\/div>\n\t\t\t\t\t<\/div>\n\t\t<\/div>\n\t\t\t\t<div class=\"elementor-column elementor-col-50 elementor-inner-column elementor-element elementor-element-da02b99\" data-id=\"da02b99\" data-element_type=\"column\" data-e-type=\"column\" data-settings=\"{&quot;background_background&quot;:&quot;classic&quot;}\">\n\t\t\t<div class=\"elementor-widget-wrap elementor-element-populated\">\n\t\t\t\t\t\t<div class=\"elementor-element elementor-element-9e20f83 elementor-widget__width-initial elementor-widget-mobile__width-initial elementor-widget elementor-widget-image\" data-id=\"9e20f83\" data-element_type=\"widget\" data-e-type=\"widget\" data-widget_type=\"image.default\">\n\t\t\t\t<div class=\"elementor-widget-container\">\n\t\t\t\t\t\t\t\t\t\t\t\t\t\t\t<img decoding=\"async\" width=\"881\" height=\"574\" src=\"https:\/\/corporacioncasadeamigosmundial.org\/wp-content\/uploads\/2023\/05\/desarrollo-sostenible3.jpg\" class=\"attachment-full size-full wp-image-833\" alt=\"\" srcset=\"https:\/\/corporacioncasadeamigosmundial.org\/wp-content\/uploads\/2023\/05\/desarrollo-sostenible3.jpg 881w, https:\/\/corporacioncasadeamigosmundial.org\/wp-content\/uploads\/2023\/05\/desarrollo-sostenible3-300x195.jpg 300w, https:\/\/corporacioncasadeamigosmundial.org\/wp-content\/uploads\/2023\/05\/desarrollo-sostenible3-768x500.jpg 768w\" sizes=\"(max-width: 881px) 100vw, 881px\" \/>\t\t\t\t\t\t\t\t\t\t\t\t\t\t\t<\/div>\n\t\t\t\t<\/div>\n\t\t\t\t<div class=\"elementor-element elementor-element-9f79fdb elementor-widget elementor-widget-heading\" data-id=\"9f79fdb\" data-element_type=\"widget\" data-e-type=\"widget\" data-widget_type=\"heading.default\">\n\t\t\t\t<div class=\"elementor-widget-container\">\n\t\t\t\t\t<h4 class=\"elementor-heading-title elementor-size-default\">Research and outreach actions in partnership with academia.<br><\/h4>\t\t\t\t<\/div>\n\t\t\t\t<\/div>\n\t\t\t\t<div class=\"elementor-element elementor-element-83c5e50 elementor-widget elementor-widget-text-editor\" data-id=\"83c5e50\" data-element_type=\"widget\" data-e-type=\"widget\" data-widget_type=\"text-editor.default\">\n\t\t\t\t<div class=\"elementor-widget-container\">\n\t\t\t\t\t\t\t\t\t<p>Food exchange store and nutritional support through itinerant markets. This strategy is aimed at exchanging all recyclable waste generated at home for food and\/or goods and services for the community.<\/p>\t\t\t\t\t\t\t\t<\/div>\n\t\t\t\t<\/div>\n\t\t\t\t\t<\/div>\n\t\t<\/div>\n\t\t\t\t\t<\/div>\n\t\t<\/section>\n\t\t\t\t<\/div>","protected":false},"excerpt":{"rendered":"<p>Conoce un poco m\u00e1s de Nosotros y lo que tenemos para ustedes, en pos de su bienestar. Casa de amigos que compra, usa y no tira Involucrar a personas y organizaciones en estrategias de Econom\u00eda Circular, donde a trav\u00e9s de la entrega de material reciclable, reciben beneficios representados en bienes y servicios que apoyen en el mejoramiento de su calidad de vida y del reconocimiento como Organizaciones Socialmente Responsables con el Medio Ambiente Casa de Amigos con Juventud Acumulada Estrategia direccionada a despertar las habilidades creativas del adulto mayor, utilizando metodolog\u00edas disruptivas con una alta carga de l\u00fadica y recreaci\u00f3n, introduciendo el uso de las TIC, teniendo en cuenta los concetos de Econom\u00eda Circular, Econom\u00eda Plateada y Econom\u00eda Naranja. Asesor\u00edas y Consultor\u00edas Participar en convocatorias como consultores en la implementaci\u00f3n de pol\u00edticas de inter\u00e9s Nacional con enfasis en temas salud p\u00fablica y otros. Orientaci\u00f3n para el acceso a programas de protecci\u00f3n social Estrategia direccionada a apoyar a poblaciones vulnerables de todos los grupos et\u00e1reos, para que accedan a programas de protecci\u00f3n social ofertados por la Institucionalidad y por la Corporaci\u00f3n, incluyendo a migrantes, retornados y poblaci\u00f3n de acogida. Grupo de apoyo Investigaci\u00f3n y acciones de proyecci\u00f3n y extensi\u00f3n en alianza con la academia Tienda de intercambio de alimentos y acompa\u00f1amiento nutricional, a trav\u00e9s de mercados itinerantes. Esta estrategia esta direccionada a intercambiar todos los residuos aprovechables que se generan en el hogar por alimentos y\/o bienes y servicios para la comunidad.<\/p>","protected":false},"author":1,"featured_media":0,"parent":0,"menu_order":0,"comment_status":"closed","ping_status":"closed","template":"","meta":{"site-sidebar-layout":"no-sidebar","site-content-layout":"page-builder","ast-site-content-layout":"default","site-content-style":"default","site-sidebar-style":"default","ast-global-header-display":"","ast-banner-title-visibility":"","ast-main-header-display":"","ast-hfb-above-header-display":"","ast-hfb-below-header-display":"","ast-hfb-mobile-header-display":"","site-post-title":"disabled","ast-breadcrumbs-content":"","ast-featured-img":"disabled","footer-sml-layout":"","theme-transparent-header-meta":"","adv-header-id-meta":"","stick-header-meta":"","header-above-stick-meta":"","header-main-stick-meta":"","header-below-stick-meta":"","astra-migrate-meta-layouts":"default","ast-page-background-enabled":"default","ast-page-background-meta":{"desktop":{"background-color":"","background-image":"","background-repeat":"repeat","background-position":"center center","background-size":"auto","background-attachment":"scroll","background-type":"","background-media":"","overlay-type":"","overlay-color":"","overlay-opacity":"","overlay-gradient":""},"tablet":{"background-color":"","background-image":"","background-repeat":"repeat","background-position":"center center","background-size":"auto","background-attachment":"scroll","background-type":"","background-media":"","overlay-type":"","overlay-color":"","overlay-opacity":"","overlay-gradient":""},"mobile":{"background-color":"","background-image":"","background-repeat":"repeat","background-position":"center center","background-size":"auto","background-attachment":"scroll","background-type":"","background-media":"","overlay-type":"","overlay-color":"","overlay-opacity":"","overlay-gradient":""}},"ast-content-background-meta":{"desktop":{"background-color":"var(--ast-global-color-5)","background-image":"","background-repeat":"repeat","background-position":"center center","background-size":"auto","background-attachment":"scroll","background-type":"","background-media":"","overlay-type":"","overlay-color":"","overlay-opacity":"","overlay-gradient":""},"tablet":{"background-color":"var(--ast-global-color-5)","background-image":"","background-repeat":"repeat","background-position":"center center","background-size":"auto","background-attachment":"scroll","background-type":"","background-media":"","overlay-type":"","overlay-color":"","overlay-opacity":"","overlay-gradient":""},"mobile":{"background-color":"var(--ast-global-color-5)","background-image":"","background-repeat":"repeat","background-position":"center center","background-size":"auto","background-attachment":"scroll","background-type":"","background-media":"","overlay-type":"","overlay-color":"","overlay-opacity":"","overlay-gradient":""}},"footnotes":""},"class_list":["post-846","page","type-page","status-publish","hentry"],"_links":{"self":[{"href":"https:\/\/corporacioncasadeamigosmundial.org\/en\/wp-json\/wp\/v2\/pages\/846","targetHints":{"allow":["GET"]}}],"collection":[{"href":"https:\/\/corporacioncasadeamigosmundial.org\/en\/wp-json\/wp\/v2\/pages"}],"about":[{"href":"https:\/\/corporacioncasadeamigosmundial.org\/en\/wp-json\/wp\/v2\/types\/page"}],"author":[{"embeddable":true,"href":"https:\/\/corporacioncasadeamigosmundial.org\/en\/wp-json\/wp\/v2\/users\/1"}],"replies":[{"embeddable":true,"href":"https:\/\/corporacioncasadeamigosmundial.org\/en\/wp-json\/wp\/v2\/comments?post=846"}],"version-history":[{"count":189,"href":"https:\/\/corporacioncasadeamigosmundial.org\/en\/wp-json\/wp\/v2\/pages\/846\/revisions"}],"predecessor-version":[{"id":2965,"href":"https:\/\/corporacioncasadeamigosmundial.org\/en\/wp-json\/wp\/v2\/pages\/846\/revisions\/2965"}],"wp:attachment":[{"href":"https:\/\/corporacioncasadeamigosmundial.org\/en\/wp-json\/wp\/v2\/media?parent=846"}],"curies":[{"name":"wp","href":"https:\/\/api.w.org\/{rel}","templated":true}]}}